{"id":1953,"date":"2018-05-09T10:41:40","date_gmt":"2018-05-09T08:41:40","guid":{"rendered":"https:\/\/www.oksana-bilous.com\/?post_type=product&#038;p=1953"},"modified":"2026-04-07T16:46:33","modified_gmt":"2026-04-07T14:46:33","slug":"p-052","status":"publish","type":"product","link":"https:\/\/www.oksana-bilous.com\/en\/product\/p-052","title":{"rendered":"Wolno\u015b\u0107 tw\u00f3rcy J. Datchenko"},"content":{"rendered":"<p>\u0410\u0432\u0442\u043e\u0440: \u042e\u043b\u044f \u0414\u0430\u0442\u0447\u0435\u043d\u043a\u043e<br \/>\n\u0412\u0438\u0434\u0430\u0432\u043d\u0438\u0446\u0442\u0432\u043e:<br \/>\n\u0420\u0456\u043a \u0432\u0438\u0434\u0430\u043d\u043d\u044f: \u0414\u043d\u0456\u043f\u0440\u043e 2023<br \/>\n\u0414\u0440\u0443\u043a: \u043a\u0440\u0435\u0439\u0434\u043e\u0432\u0430\u043d\u0438\u0439 \u043f\u0430\u043f\u0456\u0440, \u043a\u043e\u043b\u044c\u043e\u0440\u043e\u0432\u0438\u0439 \u0434\u0440\u0443\u043a<br \/>\n\u041c\u043e\u0432\u0430:<br \/>\n\u0420\u043e\u0437\u043c\u0456\u0440: 21,5*21,5*0,5\u0441\u043c.<br \/>\n\u041a\u0456\u043b\u044c\u043a\u0456\u0441\u0442\u044c \u0441\u0442\u043e\u0440\u0456\u043d\u043e\u043a: 40<br \/>\n\u041e\u0431\u043a\u043b\u0430\u0434\u0438\u043d\u043a\u0430: \u043c&#8217;\u044f\u043a\u0430 <\/p>\n","protected":false},"excerpt":{"rendered":"<p>\u0417\u0431\u0456\u0440\u043a\u0430 \u0432\u0438\u0442\u0438\u043d\u0430\u043d\u043e\u043a.<\/p>\n<p>\u0410\u0432\u0442\u043e\u0440: \u042e\u043b\u044f \u0414\u0430\u0442\u0447\u0435\u043d\u043a\u043e<br \/>\n\u0412\u0438\u0434\u0430\u0432\u043d\u0438\u0446\u0442\u0432\u043e:<br \/>\n\u0420\u0456\u043a \u0432\u0438\u0434\u0430\u043d\u043d\u044f: \u0414\u043d\u0456\u043f\u0440\u043e 2023<br \/>\n\u0414\u0440\u0443\u043a: \u043a\u0440\u0435\u0439\u0434\u043e\u0432\u0430\u043d\u0438\u0439 \u043f\u0430\u043f\u0456\u0440, \u043a\u043e\u043b\u044c\u043e\u0440\u043e\u0432\u0438\u0439 \u0434\u0440\u0443\u043a<br \/>\n\u041c\u043e\u0432\u0430:<br \/>\n\u0420\u043e\u0437\u043c\u0456\u0440: 21,5*21,5*0,5\u0441\u043c.<br \/>\n\u041a\u0456\u043b\u044c\u043a\u0456\u0441\u0442\u044c \u0441\u0442\u043e\u0440\u0456\u043d\u043e\u043a: 40<br \/>\n\u041e\u0431\u043a\u043b\u0430\u0434\u0438\u043d\u043a\u0430: \u043c&#8217;\u044f\u043a\u0430 <\/p>\n","protected":false},"featured_media":18970,"template":"","meta":[],"product_brand":[],"product_cat":[60],"product_tag":[54,62,61],"class_list":{"0":"post-1953","1":"product","2":"type-product","3":"status-publish","4":"has-post-thumbnail","6":"product_cat-rukodillya","7":"product_tag-literatura","8":"product_tag-suhe-valyannya","9":"product_tag-feltinh","11":"first","12":"instock","13":"shipping-taxable","14":"purchasable","15":"product-type-simple"},"_links":{"self":[{"href":"https:\/\/www.oksana-bilous.com\/en\/wp-json\/wp\/v2\/product\/1953","targetHints":{"allow":["GET"]}}],"collection":[{"href":"https:\/\/www.oksana-bilous.com\/en\/wp-json\/wp\/v2\/product"}],"about":[{"href":"https:\/\/www.oksana-bilous.com\/en\/wp-json\/wp\/v2\/types\/product"}],"wp:featuredmedia":[{"embeddable":true,"href":"https:\/\/www.oksana-bilous.com\/en\/wp-json\/wp\/v2\/media\/18970"}],"wp:attachment":[{"href":"https:\/\/www.oksana-bilous.com\/en\/wp-json\/wp\/v2\/media?parent=1953"}],"wp:term":[{"taxonomy":"product_brand","embeddable":true,"href":"https:\/\/www.oksana-bilous.com\/en\/wp-json\/wp\/v2\/product_brand?post=1953"},{"taxonomy":"product_cat","embeddable":true,"href":"https:\/\/www.oksana-bilous.com\/en\/wp-json\/wp\/v2\/product_cat?post=1953"},{"taxonomy":"product_tag","embeddable":true,"href":"https:\/\/www.oksana-bilous.com\/en\/wp-json\/wp\/v2\/product_tag?post=1953"}],"curies":[{"name":"wp","href":"https:\/\/api.w.org\/{rel}","templated":true}]}}